{"id":5541,"date":"2019-05-16T10:54:19","date_gmt":"2019-05-16T15:54:19","guid":{"rendered":"http:\/\/citernetpl.com\/index.php\/accueil-copy\/"},"modified":"2022-04-21T09:28:05","modified_gmt":"2022-04-21T14:28:05","slug":"demo-pages-2-2","status":"publish","type":"page","link":"https:\/\/citernetpl.com\/index.php\/demo-pages-2-2\/","title":{"rendered":"Nous embauchons"},"content":{"rendered":"<p><\/p>\n<!--themify_builder_content-->\n<div id=\"themify_builder_content-5541\" data-postid=\"5541\" class=\"themify_builder_content themify_builder_content-5541 themify_builder tf_clear\">\n                    <div  data-parallax-bg=\"desktop\" data-lazy=\"1\" class=\"module_row themify_builder_row tb_8bc6c47 tb_first tf_w wow\" data-tf-animation=\"fadeIn\">\n                        <div class=\"row_inner col_align_top tb_col_count_1 tf_box tf_rel\">\n                        <div  data-lazy=\"1\" class=\"module_column tb-column col-full tb_17ca6d7 first\">\n                    <!-- module text -->\n<div  class=\"module module-text tb_4bcc8dc  repeat  wow\" data-tf-animation=\"rubberBand\" data-lazy=\"1\">\n        <div  class=\"tb_text_wrap\">\n        <h1>Nous embauchons<\/h1>\n<h3>Chauffeurs demand\u00e9s<\/h3>    <\/div>\n<\/div>\n<!-- \/module text -->        <\/div>\n                        <\/div>\n        <\/div>\n                        <div  data-lazy=\"1\" class=\"module_row themify_builder_row tb_8bc12de tf_w\">\n                        <div class=\"row_inner col_align_top tb_col_count_1 tf_box tf_rel\">\n                        <div  data-lazy=\"1\" class=\"module_column tb-column col-full tb_5357f87 first\">\n                    <!-- module text -->\n<div  class=\"module module-text tb_e4f9d18  repeat  wow\" data-tf-animation=\"flip\" data-lazy=\"1\">\n        <div  class=\"tb_text_wrap\">\n        <p style=\"text-align: center;\">Depuis 2017, Citerne TPL est une entreprise qui se sp\u00e9cialise dans le domaine du\u00a0transport de produits p\u00e9troliers. Notre expertise repose sur le transport de p\u00e9troles\u00a0l\u00e9gers, incluant le mazout et le diesel. Nos clients sont des d\u00e9taillants, des entreprises\u00a0et des d\u00e9p\u00f4ts p\u00e9troliers au Qu\u00e9bec et Ontario. Notre entreprise met l&#8217;emphase sur son\u00a0service-client en offrant une \u00e9quipe de camionneurs professionnels et passionn\u00e9s par\u00a0l&rsquo;industrie de produits p\u00e9troliers.<\/p>    <\/div>\n<\/div>\n<!-- \/module text --><!-- module text -->\n<div  class=\"module module-text tb_1u1u544  repeat  wow\" data-tf-animation=\"slideInDown\" data-lazy=\"1\">\n        <div  class=\"tb_text_wrap\">\n        <p style=\"text-align: left;\"><strong>Description du poste :<\/strong><\/p>\n<p style=\"text-align: left;\">Effectuer la livraison des produits p\u00e9troliers autant dans les stations, les d\u00e9p\u00f4ts et les entreprises de la r\u00e9gion du Qu\u00e9bec et de l&rsquo;Ontario.<\/p>\n<p style=\"text-align: left;\">\u00a0<\/p>    <\/div>\n<\/div>\n<!-- \/module text -->        <div  data-lazy=\"1\" class=\"module_subrow themify_builder_sub_row tf_w col_align_top tb_col_count_2 tb_rwvt447\">\n                <div  data-lazy=\"1\" class=\"module_column sub_column col2-1 tb_8810449 first\">\n                    <!-- module text -->\n<div  class=\"module module-text tb_oc8e331  repeat  wow\" data-tf-animation=\"slideInLeft\" data-lazy=\"1\">\n        <div  class=\"tb_text_wrap\">\n        <p style=\"text-align: left;\"><strong>Ce que nous offrons :<\/strong><\/p>\n<ul>\n<li style=\"text-align: left;\">Salaire comp\u00e9titif &#8211; 60000$ \u00e0 80000$<\/li>\n<li style=\"text-align: left;\">Bonus selon le rendement<\/li>\n<li style=\"text-align: left;\">Formation compl\u00e8te<\/li>\n<li style=\"text-align: left;\">Quart de 12h<\/li>\n<li style=\"text-align: left;\">Retour \u00e0 la maison<\/li>\n<li style=\"text-align: left;\">V\u00e9hicules et \u00e9quipements neufs<\/li>\n<li style=\"text-align: left;\">Linge et \u00e9quipements de travail fournis par l&#8217;employeur<\/li>\n<li style=\"text-align: left;\">Stabilit\u00e9 d&#8217;emploi<\/li>\n<li style=\"text-align: left;\">\u00c9quipe dynamique<\/li>\n<\/ul>    <\/div>\n<\/div>\n<!-- \/module text -->        <\/div>\n                    <div  data-lazy=\"1\" class=\"module_column sub_column col2-1 tb_4ptt450 last\">\n                    <!-- module text -->\n<div  class=\"module module-text tb_ewaq201  repeat  wow\" data-tf-animation=\"slideInRight\" data-lazy=\"1\">\n        <div  class=\"tb_text_wrap\">\n        <p style=\"text-align: left;\"><strong>Exigences et qualit\u00e9s requises :<\/strong><\/p>\n<ul>\n<li style=\"text-align: left;\">Poss\u00e9der un permis de conduire classe 1 valide.<\/li>\n<li style=\"text-align: left;\">Excellent dossier de conduite<\/li>\n<li style=\"text-align: left;\">Aucun dossier criminel<\/li>\n<li style=\"text-align: left;\">3 ans d&rsquo;exp\u00e9rience classe 1<\/li>\n<li style=\"text-align: left;\">Formation sur le transport des mati\u00e8res dangereuses (atout)<\/li>\n<li style=\"text-align: left;\">Formation SIMDUT 2018 (atout)<\/li>\n<li style=\"text-align: left;\">Bilingue (atout)<\/li>\n<li style=\"text-align: left;\">Autonomie, Poss\u00e9der une bonne compr\u00e9hension, Professionnel<\/li>\n<li style=\"text-align: left;\">Type d&#8217;emploi : Temps Plein, Temps Partiel<\/li>\n<\/ul>    <\/div>\n<\/div>\n<!-- \/module text -->        <\/div>\n                    <\/div>\n                <\/div>\n                        <\/div>\n        <\/div>\n                        <div  data-parallax-bg=\"desktop\" data-css_id=\"75574ae\" data-lazy=\"1\" class=\"module_row themify_builder_row fullwidth_row_container tb_75574ae tf_w\" data-tf-animation=\"slide-up\">\n                        <div class=\"row_inner col_align_top tb_col_count_1 tf_box tf_rel\">\n                        <div  data-lazy=\"1\" class=\"module_column tb-column col-full tb_c17f34b first\">\n                    <!-- module contact -->\n<div  id=\"tb_nd46472\" class=\"module module-contact tb_nd46472 contact-style2 \" data-lazy=\"1\">\n    <h3 class=\"module-title\">Formulaire Embauche<\/h3>\n\t<form class=\"builder-contact\"\n\t\tid=\"tb_nd46472-form\"\n\t\tmethod=\"post\"\n\t\tdata-post-id=\"5541\"\n\t\tdata-element-id=\"nd46472\"\n\t\tdata-orig-id=\"5541\"\n\t>\n    <div class=\"contact-message\"><\/div>\n\t<input type=\"hidden\" id=\"bc_nonce\" name=\"bc_nonce\" value=\"c5f6539075\" \/><input type=\"hidden\" name=\"_wp_http_referer\" value=\"\/index.php\/wp-json\/wp\/v2\/pages\/5541\" \/>\t<div class=\"builder-contact-fields tf_rel\">\n\t\t    \t\t    <div class=\"builder-contact-field builder-contact-field-name builder-contact-text-field\">\n\t\t\t    <label class=\"control-label\" for=\"tb_nd46472-contact-name\">\n\t\t\t\t\t\t\t\t\t\t<span class=\"tb-label-span\">Nom <\/span><span class=\"required\">*<\/span>\t\t\t\t<\/label>\n\t\t\t    <div class=\"control-input tf_rel\">\n\t\t\t\t    \t\t\t\t\t    <input type=\"text\" name=\"contact-name\" placeholder=\"\" id=\"tb_nd46472-contact-name\" value=\"\" class=\"form-control\" required>\n\t\t\t\t    \t\t\t\t    \t\t\t    <\/div>\n\t\t<\/div>\n\t    \n\t\t    \t\t    <div class=\"builder-contact-field builder-contact-field-email builder-contact-text-field\">\n\t\t\t    <label class=\"control-label\" for=\"tb_nd46472-contact-email\">\n\t\t\t\t\t\t\t\t\t\t<span class=\"tb-label-span\">Courriel <\/span><span class=\"required\">*<\/span>\t\t\t\t<\/label>\n\t\t\t    <div class=\"control-input tf_rel\">\n\t\t\t\t    \t\t\t\t\t    <input type=\"email\" name=\"contact-email\" placeholder=\"\" id=\"tb_nd46472-contact-email\" value=\"\" class=\"form-control\" required>\n\t\t\t\t    \t\t\t\t    \t\t\t    <\/div>\n\t\t<\/div>\n\t    \n\t\t    \t\t    <div class=\"builder-contact-field builder-contact-field-subject builder-contact-text-field\">\n\t\t\t    <label class=\"control-label\" for=\"tb_nd46472-contact-subject\">\n\t\t\t\t\t\t\t\t\t\t<span class=\"tb-label-span\">Sujet <\/span><span class=\"required\">*<\/span>\t\t\t\t<\/label>\n\t\t\t    <div class=\"control-input tf_rel\">\n\t\t\t\t    \t\t\t\t\t    <input type=\"text\" name=\"contact-subject\" placeholder=\"\" id=\"tb_nd46472-contact-subject\" value=\"\" class=\"form-control\" required>\n\t\t\t\t    \t\t\t\t    \t\t\t    <\/div>\n\t\t<\/div>\n\t    \n\t\t    \t\t    <div class=\"builder-contact-field builder-contact-field-message builder-contact-textarea-field\">\n\t\t\t    <label class=\"control-label\" for=\"tb_nd46472-contact-message\">\n\t\t\t\t\t\t\t\t\t\t<span class=\"tb-label-span\">Message <\/span>\t\t\t\t<\/label>\n\t\t\t    <div class=\"control-input tf_rel\">\n\t\t\t\t    \t\t\t\t\t    <textarea name=\"contact-message\" placeholder=\"\" id=\"tb_nd46472-contact-message\" class=\"form-control\"><\/textarea>\n\t\t\t\t    \t\t\t\t    \t\t\t    <\/div>\n\t\t<\/div>\n\t    \n\t\t    \t\t    \t\t    <div class=\"builder-contact-field builder-contact-field-extra builder-contact-upload-field\">\n\t\t\t\t\n\t\t\t\t<label class=\"control-label\" for=\"field_extra_tb_nd46472_0\">\n\t\t\t\t\t\n\t\t\t\t\tVeuillez joindre votre c.v.\t\t\t\t\t\t\t\t\t\t\t<input type=\"hidden\" name=\"field_extra_name_0\" value=\"Veuillez joindre votre c.v.\">\n\t\t\t\t\t\t\t\t\t<\/label>\n\t\t\t\t<div class=\"control-input tf_rel\">\n\t\t\t\t\t\t\t\t\t\t\t<input type=\"file\" name=\"field_extra_0\" id=\"field_extra_tb_nd46472_0\" placeholder=\" \" class=\"form-control\">\n\t\t\t\t\t\n\t\t\t\t\t\t\t\t\t<\/div>\n\t\t    <\/div>\n\t    \n\t\t    \t\t<div class=\"builder-contact-field builder-contact-field-sendcopy\">\n\t\t    <div class=\"control-label\">\n\t\t\t\t<div class=\"control-input tf_rel\">\n\t\t\t\t\t<label class=\"send-copy\">\n\t\t\t\t\t\t<input type=\"checkbox\" name=\"contact-sendcopy\" id=\"tb_nd46472-sendcopy\" value=\"1\">\n\t\t\t\t\t\t<span>M'envoyer une copie s.v.p.<\/span>\n\t\t\t\t\t<\/label>\n\t\t\t\t<\/div>\n\t\t    <\/div>\n\t\t<\/div>\n\t    \t\t\n\t\t\n\t    \n\t    <div class=\"builder-contact-field builder-contact-field-send control-input tf_textc tf_clear tf_rel\">\n\t\t\t<button type=\"submit\" class=\"btn btn-primary\">\n\t\t\t\t<span class=\"tf_loader\"><\/span>\t\t\t\t<span class=\"tf_submit_icon\"><\/span> \n\t\t\t\tEnvoyer\t\t\t<\/button>\n\t    <\/div>\n\t<\/div>\n    <\/form>\n    <\/div>\n<!-- \/module contact -->\n        <\/div>\n                        <\/div>\n        <\/div>\n        <\/div>\n<!--\/themify_builder_content-->","protected":false},"excerpt":{"rendered":"<p>Nous embauchons Chauffeurs demand\u00e9s Depuis 2017, Citerne TPL est une entreprise qui se sp\u00e9cialise dans le domaine du\u00a0transport de produits p\u00e9troliers. Notre expertise repose sur le transport de p\u00e9troles\u00a0l\u00e9gers, incluant le mazout et le diesel. Nos clients sont des d\u00e9taillants, des entreprises\u00a0et des d\u00e9p\u00f4ts p\u00e9troliers au Qu\u00e9bec et Ontario. Notre entreprise met l&#8217;emphase sur son\u00a0service-client [&hellip;]<\/p>\n","protected":false},"author":1,"featured_media":0,"parent":0,"menu_order":0,"comment_status":"closed","ping_status":"closed","template":"","meta":{"footnotes":""},"class_list":["post-5541","page","type-page","status-publish","hentry","has-post-title","has-post-date","has-post-category","has-post-tag","has-post-comment","has-post-author",""],"builder_content":"<h1>Nous embauchons<\/h1> <h3>Chauffeurs demand\u00e9s<\/h3>\n<p style=\"text-align: center;\">Depuis 2017, Citerne TPL est une entreprise qui se sp\u00e9cialise dans le domaine du\u00a0transport de produits p\u00e9troliers. Notre expertise repose sur le transport de p\u00e9troles\u00a0l\u00e9gers, incluant le mazout et le diesel. Nos clients sont des d\u00e9taillants, des entreprises\u00a0et des d\u00e9p\u00f4ts p\u00e9troliers au Qu\u00e9bec et Ontario. Notre entreprise met l'emphase sur son\u00a0service-client en offrant une \u00e9quipe de camionneurs professionnels et passionn\u00e9s par\u00a0l'industrie de produits p\u00e9troliers.<\/p>\n<p style=\"text-align: left;\"><strong>Description du poste :<\/strong><\/p> <p style=\"text-align: left;\">Effectuer la livraison des produits p\u00e9troliers autant dans les stations, les d\u00e9p\u00f4ts et les entreprises de la r\u00e9gion du Qu\u00e9bec et de l'Ontario.<\/p> <p style=\"text-align: left;\">\u00a0<\/p>\n<p style=\"text-align: left;\"><strong>Ce que nous offrons :<\/strong><\/p> <ul> <li style=\"text-align: left;\">Salaire comp\u00e9titif - 60000$ \u00e0 80000$<\/li> <li style=\"text-align: left;\">Bonus selon le rendement<\/li> <li style=\"text-align: left;\">Formation compl\u00e8te<\/li> <li style=\"text-align: left;\">Quart de 12h<\/li> <li style=\"text-align: left;\">Retour \u00e0 la maison<\/li> <li style=\"text-align: left;\">V\u00e9hicules et \u00e9quipements neufs<\/li> <li style=\"text-align: left;\">Linge et \u00e9quipements de travail fournis par l'employeur<\/li> <li style=\"text-align: left;\">Stabilit\u00e9 d'emploi<\/li> <li style=\"text-align: left;\">\u00c9quipe dynamique<\/li> <\/ul>\n<p style=\"text-align: left;\"><strong>Exigences et qualit\u00e9s requises :<\/strong><\/p> <ul> <li style=\"text-align: left;\">Poss\u00e9der un permis de conduire classe 1 valide.<\/li> <li style=\"text-align: left;\">Excellent dossier de conduite<\/li> <li style=\"text-align: left;\">Aucun dossier criminel<\/li> <li style=\"text-align: left;\">3 ans d'exp\u00e9rience classe 1<\/li> <li style=\"text-align: left;\">Formation sur le transport des mati\u00e8res dangereuses (atout)<\/li> <li style=\"text-align: left;\">Formation SIMDUT 2018 (atout)<\/li> <li style=\"text-align: left;\">Bilingue (atout)<\/li> <li style=\"text-align: left;\">Autonomie, Poss\u00e9der une bonne compr\u00e9hension, Professionnel<\/li> <li style=\"text-align: left;\">Type d'emploi : Temps Plein, Temps Partiel<\/li> <\/ul>\n<h3>Formulaire Embauche<\/h3> <form id=\"tb_nd46472-form\" method=\"post\" data-post-id=\"0\" data-element-id=\"nd46472\" data-orig-id=\"5541\" > <input type=\"hidden\" id=\"bc_nonce\" name=\"bc_nonce\" value=\"c5f6539075\" \/><input type=\"hidden\" name=\"_wp_http_referer\" value=\"\/index.php\/wp-json\/wp\/v2\/pages\/5541\" \/> <label for=\"tb_nd46472-contact-name\"> Nom * <\/label> <input type=\"text\" name=\"contact-name\" placeholder=\"\" id=\"tb_nd46472-contact-name\" value=\"\" required> <label for=\"tb_nd46472-contact-email\"> Courriel * <\/label> <input type=\"email\" name=\"contact-email\" placeholder=\"\" id=\"tb_nd46472-contact-email\" value=\"\" required> <label for=\"tb_nd46472-contact-subject\"> Sujet * <\/label> <input type=\"text\" name=\"contact-subject\" placeholder=\"\" id=\"tb_nd46472-contact-subject\" value=\"\" required> <label for=\"tb_nd46472-contact-message\"> Message <\/label> <textarea name=\"contact-message\" placeholder=\"\" id=\"tb_nd46472-contact-message\"><\/textarea> <label for=\"field_extra_tb_nd46472_0\"> Veuillez joindre votre c.v. <input type=\"hidden\" name=\"field_extra_name_0\" value=\"Veuillez joindre votre c.v.\"> <\/label> <input type=\"file\" name=\"field_extra_0\" id=\"field_extra_tb_nd46472_0\" placeholder=\" \"> <label> <input type=\"checkbox\" name=\"contact-sendcopy\" id=\"tb_nd46472-sendcopy\" value=\"1\"> M'envoyer une copie s.v.p. <\/label> <button type=\"submit\"> Envoyer <\/button> <\/form>","_links":{"self":[{"href":"https:\/\/citernetpl.com\/index.php\/wp-json\/wp\/v2\/pages\/5541","targetHints":{"allow":["GET"]}}],"collection":[{"href":"https:\/\/citernetpl.com\/index.php\/wp-json\/wp\/v2\/pages"}],"about":[{"href":"https:\/\/citernetpl.com\/index.php\/wp-json\/wp\/v2\/types\/page"}],"author":[{"embeddable":true,"href":"https:\/\/citernetpl.com\/index.php\/wp-json\/wp\/v2\/users\/1"}],"replies":[{"embeddable":true,"href":"https:\/\/citernetpl.com\/index.php\/wp-json\/wp\/v2\/comments?post=5541"}],"version-history":[{"count":118,"href":"https:\/\/citernetpl.com\/index.php\/wp-json\/wp\/v2\/pages\/5541\/revisions"}],"predecessor-version":[{"id":5964,"href":"https:\/\/citernetpl.com\/index.php\/wp-json\/wp\/v2\/pages\/5541\/revisions\/5964"}],"wp:attachment":[{"href":"https:\/\/citernetpl.com\/index.php\/wp-json\/wp\/v2\/media?parent=5541"}],"curies":[{"name":"wp","href":"https:\/\/api.w.org\/{rel}","templated":true}]}}