{"id":5431,"date":"2019-05-02T11:07:37","date_gmt":"2019-05-02T16:07:37","guid":{"rendered":"http:\/\/citernetpl.com\/index.php\/home-copy\/"},"modified":"2020-12-17T11:53:42","modified_gmt":"2020-12-17T16:53:42","slug":"demo-pages-2","status":"publish","type":"page","link":"https:\/\/citernetpl.com\/","title":{"rendered":"Accueil"},"content":{"rendered":"<p><\/p>\n<!--themify_builder_content-->\n<div id=\"themify_builder_content-5431\" data-postid=\"5431\" class=\"themify_builder_content themify_builder_content-5431 themify_builder tf_clear\">\n                    <div  data-parallax-bg=\"desktop\" data-lazy=\"1\" class=\"module_row themify_builder_row tb_8bc6c47 tb_first tf_w wow\" data-tf-animation=\"fadeIn\">\n                        <div class=\"row_inner col_align_top tb_col_count_1 tf_box tf_rel\">\n                        <div  data-lazy=\"1\" class=\"module_column tb-column col-full tb_17ca6d7 first\">\n                    <!-- module text -->\n<div  class=\"module module-text tb_4bcc8dc  repeat  wow\" data-tf-animation=\"zoomIn\" data-lazy=\"1\">\n        <div  class=\"tb_text_wrap\">\n        <h1>Citerne TPL<\/h1>    <\/div>\n<\/div>\n<!-- \/module text -->        <\/div>\n                        <\/div>\n        <\/div>\n                        <div  data-lazy=\"1\" class=\"module_row themify_builder_row tb_8bc12de tf_w\">\n                        <div class=\"row_inner col_align_top tb_col_count_1 tf_box tf_rel\">\n                        <div  data-lazy=\"1\" class=\"module_column tb-column col-full tb_5357f87 first\">\n                    <!-- module text -->\n<div  class=\"module module-text tb_e4f9d18  repeat  wow\" data-tf-animation=\"bounceIn\" data-lazy=\"1\">\n        <div  class=\"tb_text_wrap\">\n        <h2>Qui sommes-nous?<\/h2>\n<p>Depuis 2017, Citerne TPL vous assure un transport sp\u00e9cialis\u00e9 du Qu\u00e9bec en Ontario. Fond\u00e9e par Benoit Landry ayant plus de 15 ans d&rsquo;exp\u00e9rience dans le domaine du transport, l&rsquo;entreprise met tout en \u0153uvre pour vous offrir une \u00e9quipe de camionneurs professionnels et passionn\u00e9s par l\u2019industrie du transport de produit p\u00e9trolier. Notre expertise repose sur le transport de p\u00e9trole l\u00e9ger, incluant le mazout et le diesel que ce soit dans les stations-services, en entreprise ou d\u00e9p\u00f4t p\u00e9trolier.<\/p>    <\/div>\n<\/div>\n<!-- \/module text --><!-- module image -->\n<div  class=\"module module-image tb_0dd0657 image-center rounded  tf_mw wow\" data-tf-animation=\"fadeInRight\" data-lazy=\"1\">\n        <div class=\"image-wrap tf_rel tf_mw\">\n            <img loading=\"lazy\" decoding=\"async\" src=\"http:\/\/citernetpl.com\/wp-content\/uploads\/2019\/09\/truck-rouge-ok.jpg\" width=\"870\" height=\"730\" title=\"Accueil\" alt=\"Accueil\">    \n        <\/div>\n    <!-- \/image-wrap -->\n    \n        <\/div>\n<!-- \/module image -->        <\/div>\n                        <\/div>\n        <\/div>\n                        <div  data-css_id=\"75574ae\" data-lazy=\"1\" class=\"module_row themify_builder_row fullwidth_row_container tb_75574ae tf_w\" data-tf-animation=\"slide-up\">\n                        <div class=\"row_inner col_align_top tb_col_count_1 tf_box tf_rel\">\n                        <div  data-lazy=\"1\" class=\"module_column tb-column col-full tb_c17f34b first\">\n                            <\/div>\n                        <\/div>\n        <\/div>\n                        <div  data-lazy=\"1\" class=\"module_row themify_builder_row tb_0e2f15e tf_w\">\n                        <div class=\"row_inner col_align_top tb_col_count_1 tf_box tf_rel\">\n                        <div  data-lazy=\"1\" class=\"module_column tb-column col-full tb_e4ef5ae first\">\n                    <!-- module text -->\n<div  class=\"module module-text tb_174eed4  repeat  wow\" data-tf-animation=\"zoomIn\" data-lazy=\"1\">\n        <div  class=\"tb_text_wrap\">\n        <h2>Nos Services<\/h2>    <\/div>\n<\/div>\n<!-- \/module text --><!-- module text -->\n<div  class=\"module module-text tb_bcd6c69  repeat  wow\" data-tf-animation=\"fadeInLeft\" data-lazy=\"1\">\n        <div  class=\"tb_text_wrap\">\n        <h4>Livraison d&rsquo;essence ordinaire et super<\/h4>\n<p>\u00a0<\/p>    <\/div>\n<\/div>\n<!-- \/module text --><!-- module text -->\n<div  class=\"module module-text tb_47a1270  repeat  wow\" data-tf-animation=\"fadeInLeft\" data-lazy=\"1\">\n        <div  class=\"tb_text_wrap\">\n        <h4>Livraison diesel clair et color\u00e9<\/h4>\n<p>\u00a0<\/p>    <\/div>\n<\/div>\n<!-- \/module text --><!-- module text -->\n<div  class=\"module module-text tb_612757e  repeat  wow\" data-tf-animation=\"fadeInLeft\" data-lazy=\"1\">\n        <div  class=\"tb_text_wrap\">\n        <h4>Livraison mazout 1 (Stove) et mazout 2 (F16)<\/h4>\n<p>\u00a0<\/p>    <\/div>\n<\/div>\n<!-- \/module text --><!-- module text -->\n<div  class=\"module module-text tb_081b82d  repeat  wow\" data-tf-animation=\"fadeInLeft\" data-lazy=\"1\">\n        <div  class=\"tb_text_wrap\">\n        <h4>Livraison Jet A (Aviation)<\/h4>\n<p>\u00a0<\/p>    <\/div>\n<\/div>\n<!-- \/module text --><!-- module text -->\n<div  class=\"module module-text tb_55ebcd8  repeat  wow\" data-tf-animation=\"fadeInLeft\" data-lazy=\"1\">\n        <div  class=\"tb_text_wrap\">\n        <h4>Transport de p\u00e9trole courte et longue distance<\/h4>\n<p>\u00a0<\/p>    <\/div>\n<\/div>\n<!-- \/module text --><!-- module text -->\n<div  class=\"module module-text tb_4fqb609  repeat  wow\" data-tf-animation=\"fadeInLeft\" data-lazy=\"1\">\n        <div  class=\"tb_text_wrap\">\n        <h4>Approvisionner les stations-services, a\u00e9roports, entreprises, d\u00e9p\u00f4ts, raffineries<\/h4>\n<p>\u00a0<\/p>    <\/div>\n<\/div>\n<!-- \/module text --><!-- module text -->\n<div  class=\"module module-text tb_xblk609  repeat  wow\" data-tf-animation=\"fadeInLeft\" data-lazy=\"1\">\n        <div  class=\"tb_text_wrap\">\n        <h4>Gestion des volumes de chaque produit \u00e0 distance<\/h4>\n<p>\u00a0<\/p>    <\/div>\n<\/div>\n<!-- \/module text --><!-- module text -->\n<div  class=\"module module-text tb_jovj609  repeat  wow\" data-tf-animation=\"fadeInLeft\" data-lazy=\"1\">\n        <div  class=\"tb_text_wrap\">\n        <h4>R\u00e9cup\u00e9ration de produit p\u00e9trolier contamin\u00e9 par pompage<\/h4>\n<p>\u00a0<\/p>    <\/div>\n<\/div>\n<!-- \/module text --><!-- module text -->\n<div  class=\"module module-text tb_6c0j609  repeat  wow\" data-tf-animation=\"fadeInLeft\" data-lazy=\"1\">\n        <div  class=\"tb_text_wrap\">\n        <h4>R\u00e9cup\u00e9ration de produit p\u00e9trolier de grande quantit\u00e9 (exemple: d\u00e9raillement d&rsquo;un train, transfert du wagon \u00e0 la citerne)<\/h4>\n<p>\u00a0<\/p>    <\/div>\n<\/div>\n<!-- \/module text --><!-- module image -->\n<div  class=\"module module-image tb_bwju884 image-center   tf_mw\" data-lazy=\"1\">\n        <div class=\"image-wrap tf_rel tf_mw\">\n            <img loading=\"lazy\" decoding=\"async\" src=\"http:\/\/citernetpl.com\/wp-content\/uploads\/2020\/12\/PastilleTPL-e1608223995625.png\" width=\"200\" height=\"200\" title=\"Accueil\" alt=\"Accueil\">    \n        <\/div>\n    <!-- \/image-wrap -->\n    \n        <\/div>\n<!-- \/module image -->        <\/div>\n                        <\/div>\n        <\/div>\n                        <div  data-lazy=\"1\" class=\"module_row themify_builder_row tb_820d03f tf_w wow\" data-tf-animation=\"fadeIn\">\n                        <div class=\"row_inner col_align_top tb_col_count_1 tf_box tf_rel\">\n                        <div  data-lazy=\"1\" class=\"module_column tb-column col-full tb_876962e first\">\n                    <!-- module text -->\n<div  class=\"module module-text tb_3029a02  repeat  wow\" data-tf-animation=\"lightSpeedIn\" data-lazy=\"1\">\n        <div  class=\"tb_text_wrap\">\n        <h1 style=\"text-align: center;\">Nos \u00e9quipements<\/h1>\n<h3 style=\"text-align: center;\">Nous avons une flotte de citernes 4 essieux et bi-train 2018-2019<\/h3>    <\/div>\n<\/div>\n<!-- \/module text --><!-- module image -->\n<div  class=\"module module-image tb_3zzt69 image-top   auto_fullwidth tf_mw\" data-lazy=\"1\">\n        <div class=\"image-wrap tf_rel tf_mw\">\n            <img loading=\"lazy\" decoding=\"async\" src=\"http:\/\/citernetpl.com\/wp-content\/uploads\/2019\/09\/Accueil-bas.jpg\" width=\"3840\" height=\"2160\" title=\"Accueil\" alt=\"Accueil\">    \n        <\/div>\n    <!-- \/image-wrap -->\n    \n        <\/div>\n<!-- \/module image -->        <\/div>\n                        <\/div>\n        <\/div>\n        <\/div>\n<!--\/themify_builder_content-->","protected":false},"excerpt":{"rendered":"","protected":false},"author":1,"featured_media":0,"parent":0,"menu_order":0,"comment_status":"closed","ping_status":"closed","template":"","meta":{"footnotes":""},"class_list":["post-5431","page","type-page","status-publish","hentry","has-post-title","has-post-date","has-post-category","has-post-tag","has-post-comment","has-post-author",""],"builder_content":"<h1>Citerne TPL<\/h1>\n<h2>Qui sommes-nous?<\/h2> <p>Depuis 2017, Citerne TPL vous assure un transport sp\u00e9cialis\u00e9 du Qu\u00e9bec en Ontario. Fond\u00e9e par Benoit Landry ayant plus de 15 ans d'exp\u00e9rience dans le domaine du transport, l'entreprise met tout en \u0153uvre pour vous offrir une \u00e9quipe de camionneurs professionnels et passionn\u00e9s par l\u2019industrie du transport de produit p\u00e9trolier. Notre expertise repose sur le transport de p\u00e9trole l\u00e9ger, incluant le mazout et le diesel que ce soit dans les stations-services, en entreprise ou d\u00e9p\u00f4t p\u00e9trolier.<\/p>\n<img src=\"http:\/\/citernetpl.com\/wp-content\/uploads\/2019\/09\/truck-rouge-ok.jpg\" width=\"870\" height=\"730\" title=\"Accueil\" alt=\"Accueil\">\n<h2>Nos Services<\/h2>\n<h4>Livraison d'essence ordinaire et super<\/h4> <p>\u00a0<\/p>\n<h4>Livraison diesel clair et color\u00e9<\/h4> <p>\u00a0<\/p>\n<h4>Livraison mazout 1 (Stove) et mazout 2 (F16)<\/h4> <p>\u00a0<\/p>\n<h4>Livraison Jet A (Aviation)<\/h4> <p>\u00a0<\/p>\n<h4>Transport de p\u00e9trole courte et longue distance<\/h4> <p>\u00a0<\/p>\n<h4>Approvisionner les stations-services, a\u00e9roports, entreprises, d\u00e9p\u00f4ts, raffineries<\/h4> <p>\u00a0<\/p>\n<h4>Gestion des volumes de chaque produit \u00e0 distance<\/h4> <p>\u00a0<\/p>\n<h4>R\u00e9cup\u00e9ration de produit p\u00e9trolier contamin\u00e9 par pompage<\/h4> <p>\u00a0<\/p>\n<h4>R\u00e9cup\u00e9ration de produit p\u00e9trolier de grande quantit\u00e9 (exemple: d\u00e9raillement d'un train, transfert du wagon \u00e0 la citerne)<\/h4> <p>\u00a0<\/p>\n<img src=\"http:\/\/citernetpl.com\/wp-content\/uploads\/2020\/12\/PastilleTPL-e1608223995625.png\" width=\"200\" height=\"200\" title=\"Accueil\" alt=\"Accueil\">\n<h1 style=\"text-align: center;\">Nos \u00e9quipements<\/h1> <h3 style=\"text-align: center;\">Nous avons une flotte de citernes 4 essieux et bi-train 2018-2019<\/h3>\n<img src=\"http:\/\/citernetpl.com\/wp-content\/uploads\/2019\/09\/Accueil-bas.jpg\" width=\"3840\" height=\"2160\" title=\"Accueil\" alt=\"Accueil\">","_links":{"self":[{"href":"https:\/\/citernetpl.com\/index.php\/wp-json\/wp\/v2\/pages\/5431","targetHints":{"allow":["GET"]}}],"collection":[{"href":"https:\/\/citernetpl.com\/index.php\/wp-json\/wp\/v2\/pages"}],"about":[{"href":"https:\/\/citernetpl.com\/index.php\/wp-json\/wp\/v2\/types\/page"}],"author":[{"embeddable":true,"href":"https:\/\/citernetpl.com\/index.php\/wp-json\/wp\/v2\/users\/1"}],"replies":[{"embeddable":true,"href":"https:\/\/citernetpl.com\/index.php\/wp-json\/wp\/v2\/comments?post=5431"}],"version-history":[{"count":103,"href":"https:\/\/citernetpl.com\/index.php\/wp-json\/wp\/v2\/pages\/5431\/revisions"}],"predecessor-version":[{"id":5961,"href":"https:\/\/citernetpl.com\/index.php\/wp-json\/wp\/v2\/pages\/5431\/revisions\/5961"}],"wp:attachment":[{"href":"https:\/\/citernetpl.com\/index.php\/wp-json\/wp\/v2\/media?parent=5431"}],"curies":[{"name":"wp","href":"https:\/\/api.w.org\/{rel}","templated":true}]}}